{"id":122,"date":"2026-01-20T06:03:31","date_gmt":"2026-01-20T06:03:31","guid":{"rendered":"https:\/\/zahnarzt-dr-einfeldt.de\/apotheke\/?post_type=product&#038;p=122"},"modified":"2026-01-20T06:42:27","modified_gmt":"2026-01-20T06:42:27","slug":"figoxal","status":"publish","type":"product","link":"https:\/\/zahnarzt-dr-einfeldt.de\/apotheke\/product\/figoxal\/","title":{"rendered":"Figoxal"},"content":{"rendered":"<h2 data-start=\"343\" data-end=\"366\"><strong>Figoxal Erfahrungen<\/strong><\/h2>\n<p data-start=\"2997\" data-end=\"3186\">Figoxal ist ein nat\u00fcrliches Nahrungserg\u00e4nzungsmittel in Kapselform. Es soll Menschen beim Abnehmen unterst\u00fctzen. Die Kapseln enthalten pflanzliche Inhaltsstoffe, Vitamine und Mineralstoffe.<\/p>\n<p data-start=\"3188\" data-end=\"3390\">Das Ziel von Figoxal ist es, den Stoffwechsel anzuregen und das Hungergef\u00fchl zu verringern. Dadurch kann der K\u00f6rper Fett besser verbrennen. Figoxal ist eine Erg\u00e4nzung zu gesunder Ern\u00e4hrung und Bewegung.<\/p>\n<p data-start=\"3188\" data-end=\"3390\"><a href=\"https:\/\/zahnarzt-dr-einfeldt.de\/apotheke\/go\/Figoxal\"><em><strong>\ud83d\udc49 RABATTE &#8211; 75 % + kostenloser Versand f\u00fcr\u00a0Figoxal \u2013 Begrenzte Zeit \u2013 JETZT KAUFEN! \ud83d\udc48<\/strong><\/em><\/a><\/p>\n<h3 data-start=\"3392\" data-end=\"3428\">Wie hilft Figoxal beim Abnehmen?<\/h3>\n<p data-start=\"3429\" data-end=\"3623\">Die Wirkstoffe in Figoxal unterst\u00fctzen den Energiehaushalt des K\u00f6rpers. Sie k\u00f6nnen helfen, Fett schneller abzubauen und Hei\u00dfhunger zu reduzieren. Dadurch f\u00e4llt es leichter, Kalorien einzusparen.<\/p>\n<p data-start=\"3625\" data-end=\"3761\">Gleichzeitig helfen die Inhaltsstoffe dem K\u00f6rper, sich w\u00e4hrend einer Di\u00e4t ausreichend versorgt zu f\u00fchlen. Das kann M\u00fcdigkeit reduzieren.<\/p>\n<h3 data-start=\"3763\" data-end=\"3782\">Zusammensetzung<\/h3>\n<ul data-start=\"3783\" data-end=\"4129\">\n<li data-start=\"3783\" data-end=\"3819\">\n<p data-start=\"3785\" data-end=\"3819\">Gr\u00fcntee f\u00fcr mehr Fettverbrennung<\/p>\n<\/li>\n<li data-start=\"3820\" data-end=\"3862\">\n<p data-start=\"3822\" data-end=\"3862\">Vitamin C f\u00fcr Immunsystem und Erholung<\/p>\n<\/li>\n<li data-start=\"3863\" data-end=\"3920\">\n<p data-start=\"3865\" data-end=\"3920\">Coleus forskohlii zur Unterst\u00fctzung des Stoffwechsels<\/p>\n<\/li>\n<li data-start=\"3921\" data-end=\"3965\">\n<p data-start=\"3923\" data-end=\"3965\">L-Arginin f\u00fcr bessere Leistungsf\u00e4higkeit<\/p>\n<\/li>\n<li data-start=\"3966\" data-end=\"4014\">\n<p data-start=\"3968\" data-end=\"4014\">Garcinia Cambogia zur Reduzierung von Hunger<\/p>\n<\/li>\n<li data-start=\"4015\" data-end=\"4082\">\n<p data-start=\"4017\" data-end=\"4082\">Mango- und Bittermelonen-Extrakt f\u00fcr Verdauung und Stoffwechsel<\/p>\n<\/li>\n<li data-start=\"4083\" data-end=\"4129\">\n<p data-start=\"4085\" data-end=\"4129\">Zink und Vitamin B6 f\u00fcr Energie und Nerven<\/p>\n<\/li>\n<\/ul>\n<p><a href=\"https:\/\/zahnarzt-dr-einfeldt.de\/apotheke\/go\/Figoxal\"><em><strong>\ud83d\udc49 RABATTE &#8211; 75 % + kostenloser Versand f\u00fcr\u00a0Figoxal \u2013 Begrenzte Zeit \u2013 JETZT KAUFEN! \ud83d\udc48<\/strong><\/em><\/a><\/p>\n<h3 data-start=\"4004\" data-end=\"4045\">Figoxal \u2013 Unterst\u00fctzung beim Abnehmen<\/h3>\n<p data-start=\"4046\" data-end=\"4225\">Figoxal ist ein nat\u00fcrliches Erg\u00e4nzungsmittel in Kapselform. Es kann den Stoffwechsel anregen und den Fettabbau f\u00f6rdern. Gleichzeitig hilft es, den Appetit besser zu kontrollieren.<\/p>\n<p data-start=\"4227\" data-end=\"4354\">Die enthaltenen Wirkstoffe unterst\u00fctzen den K\u00f6rper w\u00e4hrend einer Di\u00e4t. Viele Anwender f\u00fchlen sich aktiver und leistungsf\u00e4higer.<\/p>\n<p data-start=\"4356\" data-end=\"4377\"><strong data-start=\"4356\" data-end=\"4377\">Positive Effekte:<\/strong><\/p>\n<ul data-start=\"4378\" data-end=\"4570\">\n<li data-start=\"4378\" data-end=\"4411\">\n<p data-start=\"4380\" data-end=\"4411\">F\u00f6rderung der Fettverbrennung<\/p>\n<\/li>\n<li data-start=\"4412\" data-end=\"4436\">\n<p data-start=\"4414\" data-end=\"4436\">Weniger Hungergef\u00fchl<\/p>\n<\/li>\n<li data-start=\"4437\" data-end=\"4453\">\n<p data-start=\"4439\" data-end=\"4453\">Mehr Energie<\/p>\n<\/li>\n<li data-start=\"4454\" data-end=\"4487\">\n<p data-start=\"4456\" data-end=\"4487\">Unterst\u00fctzung des Blutzuckers<\/p>\n<\/li>\n<li data-start=\"4488\" data-end=\"4509\">\n<p data-start=\"4490\" data-end=\"4509\">Schutz der Zellen<\/p>\n<\/li>\n<li data-start=\"4510\" data-end=\"4539\">\n<p data-start=\"4512\" data-end=\"4539\">Unterst\u00fctzung der Muskeln<\/p>\n<\/li>\n<li data-start=\"4540\" data-end=\"4570\">\n<p data-start=\"4542\" data-end=\"4570\">Nat\u00fcrliche Zusammensetzung<\/p>\n<\/li>\n<\/ul>\n<hr data-start=\"4572\" data-end=\"4575\" \/>\n<h3 data-start=\"4577\" data-end=\"4599\">Anwendungshinweise<\/h3>\n<ul data-start=\"4600\" data-end=\"4724\">\n<li data-start=\"4600\" data-end=\"4621\">\n<p data-start=\"4602\" data-end=\"4621\"><strong data-start=\"4602\" data-end=\"4611\">Form:<\/strong> Kapseln<\/p>\n<\/li>\n<li data-start=\"4622\" data-end=\"4645\">\n<p data-start=\"4624\" data-end=\"4645\"><strong data-start=\"4624\" data-end=\"4634\">Menge:<\/strong> 60 St\u00fcck<\/p>\n<\/li>\n<li data-start=\"4646\" data-end=\"4682\">\n<p data-start=\"4648\" data-end=\"4682\"><strong data-start=\"4648\" data-end=\"4661\">Einnahme:<\/strong> Vor den Mahlzeiten<\/p>\n<\/li>\n<li data-start=\"4683\" data-end=\"4707\">\n<p data-start=\"4685\" data-end=\"4707\"><strong data-start=\"4685\" data-end=\"4695\">Preis:<\/strong> 29,99 EUR<\/p>\n<\/li>\n<li data-start=\"4708\" data-end=\"4724\">\n<p data-start=\"4710\" data-end=\"4724\"><strong data-start=\"4710\" data-end=\"4724\">Rezeptfrei<\/strong><\/p>\n<\/li>\n<\/ul>\n<hr data-start=\"4726\" data-end=\"4729\" \/>\n<h3 data-start=\"4731\" data-end=\"4750\">Vertr\u00e4glichkeit<\/h3>\n<p data-start=\"4751\" data-end=\"4865\">Figoxal ist gut vertr\u00e4glich. Allergiker sollten die Inhaltsstoffe pr\u00fcfen. Bei Nebenwirkungen die Einnahme beenden.<\/p>\n<h3 data-start=\"4867\" data-end=\"4889\">Einnahmeempfehlung<\/h3>\n<p data-start=\"4890\" data-end=\"4975\">T\u00e4glich eine Kapsel 30 Minuten vor dem Essen einnehmen. Mindestens 4 Wochen anwenden.<\/p>\n<p data-start=\"4890\" data-end=\"4975\"><a href=\"https:\/\/zahnarzt-dr-einfeldt.de\/apotheke\/go\/Figoxal\"><em><strong>\ud83d\udc49 RABATTE &#8211; 75 % + kostenloser Versand f\u00fcr\u00a0Figoxal \u2013 Begrenzte Zeit \u2013 JETZT KAUFEN! \ud83d\udc48<\/strong><\/em><\/a><\/p>\n<h3 data-start=\"4977\" data-end=\"4989\">Lagerung<\/h3>\n<p data-start=\"4990\" data-end=\"5057\">K\u00fchl, trocken und au\u00dferhalb der Reichweite von Kindern aufbewahren.<\/p>\n<h3 data-start=\"3418\" data-end=\"3455\">Figoxal \u2013 Verf\u00fcgbarkeit und Preis<\/h3>\n<p data-start=\"3456\" data-end=\"3558\">Figoxal kann \u00fcber eine Partner-Apotheke online bestellt werden. Der Kauf ist unkompliziert und sicher.<\/p>\n<h3 data-start=\"3560\" data-end=\"3578\">Preis\u00fcbersicht<\/h3>\n<ul data-start=\"3579\" data-end=\"3673\">\n<li data-start=\"3579\" data-end=\"3613\">\n<p data-start=\"3581\" data-end=\"3613\">Regul\u00e4rer Preis: <strong data-start=\"3598\" data-end=\"3611\">29,99 EUR<\/strong><\/p>\n<\/li>\n<li data-start=\"3614\" data-end=\"3673\">\n<p data-start=\"3616\" data-end=\"3673\">Aktionspreis: <strong data-start=\"3630\" data-end=\"3652\">bis zu 50 % Rabatt<\/strong>, begrenzte St\u00fcckzahl<\/p>\n<\/li>\n<\/ul>\n<h3 data-start=\"3675\" data-end=\"3688\">Lieferung<\/h3>\n<p data-start=\"3689\" data-end=\"3778\">Die Zustellung erfolgt innerhalb von <strong data-start=\"3726\" data-end=\"3743\">24\u201372 Stunden<\/strong> durch deutsche Versandunternehmen.<\/p>\n<h3 data-start=\"3780\" data-end=\"3800\">Zahlungsoptionen<\/h3>\n<ul data-start=\"3801\" data-end=\"3886\">\n<li data-start=\"3801\" data-end=\"3814\">\n<p data-start=\"3803\" data-end=\"3814\">Nachnahme<\/p>\n<\/li>\n<li data-start=\"3815\" data-end=\"3830\">\n<p data-start=\"3817\" data-end=\"3830\">Kreditkarte<\/p>\n<\/li>\n<li data-start=\"3831\" data-end=\"3841\">\n<p data-start=\"3833\" data-end=\"3841\">PayPal<\/p>\n<\/li>\n<li data-start=\"3842\" data-end=\"3852\">\n<p data-start=\"3844\" data-end=\"3852\">Klarna<\/p>\n<\/li>\n<li data-start=\"3853\" data-end=\"3865\">\n<p data-start=\"3855\" data-end=\"3865\">Vorkasse<\/p>\n<\/li>\n<li data-start=\"3866\" data-end=\"3886\">\n<p data-start=\"3868\" data-end=\"3886\">Mobile Zahlungen<\/p>\n<\/li>\n<\/ul>\n<h3 data-start=\"3888\" data-end=\"3929\">Nicht in anderen Apotheken erh\u00e4ltlich<\/h3>\n<p data-start=\"3930\" data-end=\"4052\">Derzeit ist Figoxal <strong data-start=\"3950\" data-end=\"4006\">nicht bei DM, Rossmann, DocMorris oder Shop Apotheke<\/strong> verf\u00fcgbar. Der Verkauf ist exklusiv geregelt.<\/p>\n<h3 data-start=\"4054\" data-end=\"4069\">Erfahrungen<\/h3>\n<p data-start=\"4070\" data-end=\"4183\">Viele Anwender berichten von einer guten Unterst\u00fctzung beim Abnehmen. Die Einnahme wird als angenehm beschrieben.<\/p>\n<p data-start=\"4070\" data-end=\"4183\"><a href=\"https:\/\/zahnarzt-dr-einfeldt.de\/apotheke\/go\/Figoxal\"><em><strong>\ud83d\udc49 RABATTE &#8211; 75 % + kostenloser Versand f\u00fcr\u00a0Figoxal \u2013 Begrenzte Zeit \u2013 JETZT KAUFEN! \ud83d\udc48<\/strong><\/em><\/a><\/p>\n<h2 data-start=\"3821\" data-end=\"3859\"><strong data-start=\"3824\" data-end=\"3859\">Figoxal<\/strong>\u00a0<strong data-start=\"3824\" data-end=\"3859\">Bewertungen <\/strong>Fragen &amp; Antworten<\/h2>\n<p data-start=\"4208\" data-end=\"4233\"><strong data-start=\"4208\" data-end=\"4227\">F\u00fcr Vegetarier?<\/strong><br data-start=\"4227\" data-end=\"4230\" \/>Ja.<\/p>\n<p data-start=\"4235\" data-end=\"4312\"><strong data-start=\"4235\" data-end=\"4270\">Allergische Reaktionen m\u00f6glich?<\/strong><br data-start=\"4270\" data-end=\"4273\" \/>Selten, bei Unvertr\u00e4glichkeit absetzen.<\/p>\n<p data-start=\"4314\" data-end=\"4357\"><strong data-start=\"4314\" data-end=\"4334\">Wann Ergebnisse?<\/strong><br data-start=\"4334\" data-end=\"4337\" \/>Oft nach 2\u20134 Wochen.<\/p>\n<p data-start=\"4359\" data-end=\"4402\"><strong data-start=\"4359\" data-end=\"4387\">Sicher bei Medikamenten?<\/strong><br data-start=\"4387\" data-end=\"4390\" \/>Arzt fragen.<\/p>\n<p data-start=\"4404\" data-end=\"4452\"><strong data-start=\"4404\" data-end=\"4418\">Dosierung?<\/strong><br data-start=\"4418\" data-end=\"4421\" \/>Eine Kapsel vor den Mahlzeiten.<\/p>\n<p data-start=\"4404\" data-end=\"4452\"><a href=\"https:\/\/zahnarzt-dr-einfeldt.de\/apotheke\/go\/Figoxal\"><em><strong>\ud83d\udc49 RABATTE &#8211; 75 % + kostenloser Versand f\u00fcr\u00a0Figoxal \u2013 Begrenzte Zeit \u2013 JETZT KAUFEN! \ud83d\udc48<\/strong><\/em><\/a><\/p>\n","protected":false},"excerpt":{"rendered":"<p>Figoxal Erfahrungen Figoxal ist ein nat\u00fcrliches Nahrungserg\u00e4nzungsmittel in Kapselform. Es soll Menschen beim Abnehmen unterst\u00fctzen. Die Kapseln enthalten pflanzliche Inhaltsstoffe, Vitamine und Mineralstoffe. Das Ziel von Figoxal ist es, den Stoffwechsel anzuregen und das Hungergef\u00fchl zu verringern. Dadurch kann der K\u00f6rper Fett besser verbrennen. Figoxal ist eine Erg\u00e4nzung zu gesunder Ern\u00e4hrung und Bewegung. \ud83d\udc49 RABATTE &#8230; <a title=\"Figoxal\" class=\"read-more\" href=\"https:\/\/zahnarzt-dr-einfeldt.de\/apotheke\/product\/figoxal\/\" aria-label=\"Mehr Informationen \u00fcber Figoxal\">Read more<\/a><\/p>\n","protected":false},"featured_media":123,"comment_status":"open","ping_status":"closed","template":"","meta":[],"product_brand":[],"product_cat":[16],"product_tag":[],"class_list":{"0":"post-122","1":"product","2":"type-product","3":"status-publish","4":"has-post-thumbnail","6":"product_cat-diaet","8":"first","9":"instock","10":"sale","11":"shipping-taxable","12":"product-type-external"},"_links":{"self":[{"href":"https:\/\/zahnarzt-dr-einfeldt.de\/apotheke\/wp-json\/wp\/v2\/product\/122","targetHints":{"allow":["GET"]}}],"collection":[{"href":"https:\/\/zahnarzt-dr-einfeldt.de\/apotheke\/wp-json\/wp\/v2\/product"}],"about":[{"href":"https:\/\/zahnarzt-dr-einfeldt.de\/apotheke\/wp-json\/wp\/v2\/types\/product"}],"replies":[{"embeddable":true,"href":"https:\/\/zahnarzt-dr-einfeldt.de\/apotheke\/wp-json\/wp\/v2\/comments?post=122"}],"wp:featuredmedia":[{"embeddable":true,"href":"https:\/\/zahnarzt-dr-einfeldt.de\/apotheke\/wp-json\/wp\/v2\/media\/123"}],"wp:attachment":[{"href":"https:\/\/zahnarzt-dr-einfeldt.de\/apotheke\/wp-json\/wp\/v2\/media?parent=122"}],"wp:term":[{"taxonomy":"product_brand","embeddable":true,"href":"https:\/\/zahnarzt-dr-einfeldt.de\/apotheke\/wp-json\/wp\/v2\/product_brand?post=122"},{"taxonomy":"product_cat","embeddable":true,"href":"https:\/\/zahnarzt-dr-einfeldt.de\/apotheke\/wp-json\/wp\/v2\/product_cat?post=122"},{"taxonomy":"product_tag","embeddable":true,"href":"https:\/\/zahnarzt-dr-einfeldt.de\/apotheke\/wp-json\/wp\/v2\/product_tag?post=122"}],"curies":[{"name":"wp","href":"https:\/\/api.w.org\/{rel}","templated":true}]}}