{"id":76,"date":"2025-08-19T05:25:46","date_gmt":"2025-08-19T05:25:46","guid":{"rendered":"https:\/\/zahnarzt-dr-einfeldt.de\/apotheke\/?post_type=product&#038;p=76"},"modified":"2025-08-19T05:29:39","modified_gmt":"2025-08-19T05:29:39","slug":"purelief","status":"publish","type":"product","link":"https:\/\/zahnarzt-dr-einfeldt.de\/apotheke\/product\/purelief\/","title":{"rendered":"Purelief Bewertung \u27a4 Betrug, Nebenwirkungen, funktioniert es?"},"content":{"rendered":"<p data-start=\"3128\" data-end=\"3496\"><\/p>\r\n<h2 class=\"wp-block-heading\"><strong>Purelief Bewertung<img loading=\"lazy\" decoding=\"async\" class=\"alignnone size-full wp-image-77 aligncenter\" src=\"https:\/\/zahnarzt-dr-einfeldt.de\/apotheke\/wp-content\/uploads\/2025\/08\/Purelief-Bewertung.webp\" alt=\"Purelief Bewertung\" width=\"274\" height=\"234\" \/><\/strong><\/h2>\r\n<p data-start=\"3128\" data-end=\"3496\">Die Sehnsucht nach schnellen Abnehm-Ergebnissen ist gro\u00df. Purelief Clip m\u00f6chte diese Erwartungen erf\u00fcllen.<br data-start=\"3234\" data-end=\"3237\" \/>Das Ger\u00e4t nutzt Akupressur, soll Schmerzen verringern, Ruhe f\u00f6rdern und die Gewichtsreduktion erleichtern.<br data-start=\"3343\" data-end=\"3346\" \/>Wir stellen die Frage: Wie glaubw\u00fcrdig sind diese Aussagen? Dazu werfen wir einen Blick auf die Wissenschaft, die Vermarktung und m\u00f6gliche Gefahren.<\/p>\r\n<h2 class=\"wp-block-heading\"><strong>Purelief Vorteile<\/strong><\/h2>\r\n<ul data-start=\"2547\" data-end=\"2844\">\r\n<li data-start=\"2547\" data-end=\"2607\">\r\n<p data-start=\"2549\" data-end=\"2607\"><strong data-start=\"2549\" data-end=\"2568\">Einfach nutzbar<\/strong> \u2013 Keine Technikkenntnisse notwendig.<\/p>\r\n<\/li>\r\n<li data-start=\"2608\" data-end=\"2663\">\r\n<p data-start=\"2610\" data-end=\"2663\"><strong data-start=\"2610\" data-end=\"2628\">\u00d6ko-freundlich<\/strong> \u2013 Recycelbar und umweltschonend.<\/p>\r\n<\/li>\r\n<li data-start=\"2664\" data-end=\"2731\">\r\n<p data-start=\"2666\" data-end=\"2731\"><strong data-start=\"2666\" data-end=\"2681\">Sehr robust<\/strong> \u2013 Geht auch bei starker Belastung nicht kaputt.<\/p>\r\n<\/li>\r\n<li data-start=\"2732\" data-end=\"2786\">\r\n<p data-start=\"2734\" data-end=\"2786\"><strong data-start=\"2734\" data-end=\"2755\">Innovative L\u00f6sung<\/strong> \u2013 Macht den Alltag leichter.<\/p>\r\n<\/li>\r\n<li data-start=\"2787\" data-end=\"2844\">\r\n<p data-start=\"2789\" data-end=\"2844\"><strong data-start=\"2789\" data-end=\"2808\">Hohe Sicherheit<\/strong> \u2013 Verl\u00e4sslicher Schutz nach Norm.<\/p>\r\n<\/li>\r\n<\/ul>\r\n<p><a href=\"https:\/\/zahnarzt-dr-einfeldt.de\/apotheke\/go\/purelief\">\ud83d\udc9a Exklusiv: Purelief mit 65 % Preisvorteil sichern!<\/a><\/p>\r\n\r\n<h2 class=\"wp-block-heading\"><strong>Purelief Kunden Erfahrungen<\/strong><\/h2>\r\n<p data-start=\"3310\" data-end=\"3457\">Das Produkt erfreut sich gro\u00dfer Beliebtheit. Anwender loben die sp\u00fcrbare Wirkung und die problemlose Handhabung.<\/p>\r\n<p data-start=\"3459\" data-end=\"3475\">R\u00fcckmeldungen:<\/p>\r\n<ol data-start=\"3476\" data-end=\"3642\">\r\n<li data-start=\"3476\" data-end=\"3527\">\r\n<p data-start=\"3479\" data-end=\"3527\">\u201eSeit Purelief bin ich wieder voller Energie.\u201c<\/p>\r\n<\/li>\r\n<li data-start=\"3528\" data-end=\"3588\">\r\n<p data-start=\"3531\" data-end=\"3588\">\u201eSchon nach kurzer Zeit hatte ich ein besseres Gef\u00fchl.\u201c<\/p>\r\n<\/li>\r\n<li data-start=\"3589\" data-end=\"3642\">\r\n<p data-start=\"3592\" data-end=\"3642\">\u201eSehr einfach in der Nutzung und sehr effektiv.\u201c<\/p>\r\n<\/li>\r\n<\/ol>\r\n<p data-start=\"3644\" data-end=\"3696\">Die Meinungen zeigen die Zufriedenheit der Nutzer.<\/p>\r\n<h2 class=\"wp-block-heading\"><strong>Wie funktioniert Purelief?<\/strong><\/h2>\r\n<p data-start=\"3398\" data-end=\"3571\">Die Funktionsweise von Purelief beruht auf <strong data-start=\"3441\" data-end=\"3455\">Akupressur<\/strong>. Am Ohr getragen, \u00fcbt der Clip Druck auf Punkte aus, die mit verschiedenen Organen und Funktionen verbunden sind.<\/p>\r\n<p data-start=\"3573\" data-end=\"3607\">Das kann folgende Effekte haben:<\/p>\r\n<ul data-start=\"3608\" data-end=\"3740\">\r\n<li data-start=\"3608\" data-end=\"3641\">\r\n<p data-start=\"3610\" data-end=\"3641\">bessere Sauerstoffversorgung,<\/p>\r\n<\/li>\r\n<li data-start=\"3642\" data-end=\"3668\">\r\n<p data-start=\"3644\" data-end=\"3668\">weniger Stressgef\u00fchle,<\/p>\r\n<\/li>\r\n<li data-start=\"3669\" data-end=\"3709\">\r\n<p data-start=\"3671\" data-end=\"3709\">Unterst\u00fctzung bei Gewichtskontrolle,<\/p>\r\n<\/li>\r\n<li data-start=\"3710\" data-end=\"3740\">\r\n<p data-start=\"3712\" data-end=\"3740\">Linderung von Beschwerden.<\/p>\r\n<\/li>\r\n<\/ul>\r\n<p data-start=\"3742\" data-end=\"3814\">Purelief funktioniert ohne Batterien, nur durch den nat\u00fcrlichen Druck.<\/p>\r\n<p data-start=\"3742\" data-end=\"3814\"><a href=\"https:\/\/zahnarzt-dr-einfeldt.de\/apotheke\/go\/purelief\">\ud83d\udc9a Exklusiv: Purelief mit 65 % Preisvorteil sichern!<\/a><\/p>\r\n<h2 class=\"wp-block-heading\"><strong>Purelief Test<\/strong><\/h2>\r\n<ul data-start=\"3932\" data-end=\"4245\">\r\n<li data-start=\"3932\" data-end=\"4008\">\r\n<p data-start=\"3934\" data-end=\"4008\"><strong data-start=\"3934\" data-end=\"3946\">Woche 1:<\/strong> Deutlich mehr Energie und Wohlbefinden. Einfach anzuwenden.<\/p>\r\n<\/li>\r\n<li data-start=\"4009\" data-end=\"4099\">\r\n<p data-start=\"4011\" data-end=\"4099\"><strong data-start=\"4011\" data-end=\"4023\">Woche 2:<\/strong> Stress reduziert, Konzentration verbessert. Purelief ist fest integriert.<\/p>\r\n<\/li>\r\n<li data-start=\"4100\" data-end=\"4160\">\r\n<p data-start=\"4102\" data-end=\"4160\"><strong data-start=\"4102\" data-end=\"4114\">Woche 3:<\/strong> Hautbild wirkt klarer, was mich \u00fcberrascht.<\/p>\r\n<\/li>\r\n<li data-start=\"4161\" data-end=\"4245\">\r\n<p data-start=\"4163\" data-end=\"4245\"><strong data-start=\"4163\" data-end=\"4175\">Woche 4:<\/strong> Stabile Energie und innere Zufriedenheit \u2013 ich bleibe bei Purelief.<\/p>\r\n<\/li>\r\n<\/ul>\r\n\r\n<h2 class=\"wp-block-heading\"><strong>Wo kann ich Purelief kaufen?<\/strong><\/h2>\r\n<p data-start=\"2141\" data-end=\"2371\">Das Produkt Purelief ist <strong data-start=\"2166\" data-end=\"2175\">nicht<\/strong> bei Rossmann, dm, Kaufland oder Amazon erh\u00e4ltlich. Es wird ausschlie\u00dflich \u00fcber den Hersteller angeboten. Damit stellt dieser sicher, dass Kunden Originalqualit\u00e4t und optimalen Service erhalten.<\/p>\r\n<p data-start=\"2141\" data-end=\"2371\"><a href=\"https:\/\/zahnarzt-dr-einfeldt.de\/apotheke\/go\/purelief\">\ud83d\udc9a Exklusiv: Purelief mit 65 % Preisvorteil sichern!<\/a><\/p>\r\n<h2 class=\"wp-block-heading\"><strong>Purelief Bewertung: Endg\u00fcltiges Urteil<\/strong><\/h2>\r\n<p data-start=\"2307\" data-end=\"2559\">Mit Purelief erh\u00e4lt man ein sicheres und wirksames Produkt. Die Anwendung ist unkompliziert, die Inhaltsstoffe sind nat\u00fcrlich, und die Wirkung zeigt sich rasch. Deshalb ist Purelief f\u00fcr viele die perfekte Wahl, wenn es um Qualit\u00e4t und Vertrauen geht.<\/p>\r\n<p data-start=\"2307\" data-end=\"2559\"><a href=\"https:\/\/zahnarzt-dr-einfeldt.de\/apotheke\/go\/purelief\">\ud83d\udc9a Exklusiv: Purelief mit 65 % Preisvorteil sichern!<\/a><\/p>\r\n<h2 class=\"wp-block-heading\"><strong>Purelief Bewertung: FAQs<\/strong><\/h2>\r\n<p data-start=\"6067\" data-end=\"6167\"><strong data-start=\"6067\" data-end=\"6104\">1. Was ist das Ziel von Purelief?<\/strong><br data-start=\"6104\" data-end=\"6107\" \/>Mehr Energie, weniger Stress, Unterst\u00fctzung beim Abnehmen.<\/p>\r\n<p data-start=\"6169\" data-end=\"6236\"><strong data-start=\"6169\" data-end=\"6204\">2. Ist die Anwendung schwierig?<\/strong><br data-start=\"6204\" data-end=\"6207\" \/>Nein, sie ist kinderleicht.<\/p>\r\n<p data-start=\"6238\" data-end=\"6308\"><strong data-start=\"6238\" data-end=\"6271\">3. Sp\u00fcrt man den Druck stark?<\/strong><br data-start=\"6271\" data-end=\"6274\" \/>Nein, er ist sanft und angenehm.<\/p>\r\n<p data-start=\"6310\" data-end=\"6391\"><strong data-start=\"6310\" data-end=\"6349\">4. Wie lange dauert eine Anwendung?<\/strong><br data-start=\"6349\" data-end=\"6352\" \/>Je nach Bedarf einige Stunden am Tag.<\/p>\r\n<p data-start=\"6393\" data-end=\"6468\"><strong data-start=\"6393\" data-end=\"6433\">5. Sind chemische Zus\u00e4tze enthalten?<\/strong><br data-start=\"6433\" data-end=\"6436\" \/>Nein, es ist v\u00f6llig nat\u00fcrlich.<\/p>\r\n<p data-start=\"6470\" data-end=\"6564\"><strong data-start=\"6470\" data-end=\"6510\">6. Gibt es R\u00fcckmeldungen von Kunden?<\/strong><br data-start=\"6510\" data-end=\"6513\" \/>Ja, viele berichten von sp\u00fcrbaren Verbesserungen.<\/p>\r\n<p data-start=\"6470\" data-end=\"6564\"><a href=\"https:\/\/zahnarzt-dr-einfeldt.de\/apotheke\/go\/purelief\">\ud83d\udc9a Exklusiv: Purelief mit 65 % Preisvorteil sichern!<\/a><\/p>\r\n<p data-start=\"6566\" data-end=\"6628\"><strong data-start=\"6566\" data-end=\"6594\">7. Wo ist es erh\u00e4ltlich?<\/strong><br data-start=\"6594\" data-end=\"6597\" \/>Nur \u00fcber die Herstellerseite.<\/p>\r\n<p data-start=\"6630\" data-end=\"6698\"><strong data-start=\"6630\" data-end=\"6670\">8. Kann ich es beim Arbeiten tragen?<\/strong><br data-start=\"6670\" data-end=\"6673\" \/>Ja, es ist unauff\u00e4llig.<\/p>\r\n<p data-start=\"6700\" data-end=\"6772\"><strong data-start=\"6700\" data-end=\"6725\">9. Ist es nachhaltig?<\/strong><br data-start=\"6725\" data-end=\"6728\" \/>Ja, es ist langlebig und umweltfreundlich.<\/p>\r\n<p data-start=\"6774\" data-end=\"6855\"><strong data-start=\"6774\" data-end=\"6818\">10. Gibt es eine Zufriedenheitsgarantie?<\/strong><br data-start=\"6818\" data-end=\"6821\" \/>Ja, meist direkt vom Hersteller.<\/p>\r\n<p data-start=\"6774\" data-end=\"6855\"><a href=\"https:\/\/zahnarzt-dr-einfeldt.de\/apotheke\/go\/purelief\">\ud83d\udc9a Exklusiv: Purelief mit 65 % Preisvorteil sichern!<\/a><\/p>\r\n<p data-start=\"2307\" data-end=\"2559\"><\/p>\r\n<p data-start=\"2141\" data-end=\"2371\"><\/p>\r\n\r\n<p data-start=\"3742\" data-end=\"3814\"><\/p>\r\n<p data-start=\"3644\" data-end=\"3696\"><\/p>\r\n\r\n<p data-start=\"3128\" data-end=\"3496\"><\/p>","protected":false},"excerpt":{"rendered":"<p>Purelief Bewertung Die Sehnsucht nach schnellen Abnehm-Ergebnissen ist gro\u00df. Purelief Clip m\u00f6chte diese Erwartungen erf\u00fcllen.Das Ger\u00e4t nutzt Akupressur, soll Schmerzen verringern, Ruhe f\u00f6rdern und die Gewichtsreduktion erleichtern.Wir stellen die Frage: Wie glaubw\u00fcrdig sind diese Aussagen? Dazu werfen wir einen Blick auf die Wissenschaft, die Vermarktung und m\u00f6gliche Gefahren.<\/p>\n","protected":false},"featured_media":77,"comment_status":"open","ping_status":"closed","template":"","meta":[],"product_brand":[],"product_cat":[16],"product_tag":[],"class_list":{"0":"post-76","1":"product","2":"type-product","3":"status-publish","4":"has-post-thumbnail","6":"product_cat-diaet","8":"first","9":"instock","10":"sale","11":"shipping-taxable","12":"product-type-external"},"_links":{"self":[{"href":"https:\/\/zahnarzt-dr-einfeldt.de\/apotheke\/wp-json\/wp\/v2\/product\/76","targetHints":{"allow":["GET"]}}],"collection":[{"href":"https:\/\/zahnarzt-dr-einfeldt.de\/apotheke\/wp-json\/wp\/v2\/product"}],"about":[{"href":"https:\/\/zahnarzt-dr-einfeldt.de\/apotheke\/wp-json\/wp\/v2\/types\/product"}],"replies":[{"embeddable":true,"href":"https:\/\/zahnarzt-dr-einfeldt.de\/apotheke\/wp-json\/wp\/v2\/comments?post=76"}],"wp:featuredmedia":[{"embeddable":true,"href":"https:\/\/zahnarzt-dr-einfeldt.de\/apotheke\/wp-json\/wp\/v2\/media\/77"}],"wp:attachment":[{"href":"https:\/\/zahnarzt-dr-einfeldt.de\/apotheke\/wp-json\/wp\/v2\/media?parent=76"}],"wp:term":[{"taxonomy":"product_brand","embeddable":true,"href":"https:\/\/zahnarzt-dr-einfeldt.de\/apotheke\/wp-json\/wp\/v2\/product_brand?post=76"},{"taxonomy":"product_cat","embeddable":true,"href":"https:\/\/zahnarzt-dr-einfeldt.de\/apotheke\/wp-json\/wp\/v2\/product_cat?post=76"},{"taxonomy":"product_tag","embeddable":true,"href":"https:\/\/zahnarzt-dr-einfeldt.de\/apotheke\/wp-json\/wp\/v2\/product_tag?post=76"}],"curies":[{"name":"wp","href":"https:\/\/api.w.org\/{rel}","templated":true}]}}